{"id":2363,"date":"2022-09-22T07:58:39","date_gmt":"2022-09-22T13:58:39","guid":{"rendered":"https:\/\/equinoxawards.com\/perguntas-frequentes\/"},"modified":"2025-11-30T20:24:55","modified_gmt":"2025-12-01T02:24:55","slug":"perguntas-frequentes","status":"publish","type":"page","link":"https:\/\/equinoxawards.com\/pt-br\/perguntas-frequentes\/","title":{"rendered":"Perguntas Frequentes"},"content":{"rendered":"\t\t<div data-elementor-type=\"wp-page\" data-elementor-id=\"2363\" class=\"elementor elementor-2363 elementor-617\" data-elementor-post-type=\"page\">\n\t\t\t\t<div class=\"elementor-element elementor-element-7488b28 e-flex e-con-boxed e-con e-parent\" data-id=\"7488b28\" data-element_type=\"container\" data-e-type=\"container\" data-settings=\"{&quot;background_background&quot;:&quot;video&quot;,&quot;background_motion_fx_translateY_effect&quot;:&quot;yes&quot;,&quot;background_motion_fx_range&quot;:&quot;viewport&quot;,&quot;background_video_link&quot;:&quot;https:\\\/\\\/equinoxawards.com\\\/wp-content\\\/uploads\\\/2025\\\/11\\\/envato_video_gen_Nov_29_2025_13_02_29.mp4&quot;,&quot;background_play_on_mobile&quot;:&quot;yes&quot;,&quot;background_motion_fx_translateY_speed&quot;:{&quot;unit&quot;:&quot;px&quot;,&quot;size&quot;:4,&quot;sizes&quot;:[]},&quot;background_motion_fx_translateY_affectedRange&quot;:{&quot;unit&quot;:&quot;%&quot;,&quot;size&quot;:&quot;&quot;,&quot;sizes&quot;:{&quot;start&quot;:0,&quot;end&quot;:100}},&quot;background_motion_fx_devices&quot;:[&quot;desktop&quot;,&quot;tablet&quot;,&quot;mobile&quot;]}\">\n\t\t\t\t\t<div class=\"e-con-inner\">\n\t\t<div class=\"elementor-background-video-container\">\n\t\t\t\t\t\t\t<video class=\"elementor-background-video-hosted\" role=\"presentation\" autoplay muted playsinline loop><\/video>\n\t\t\t\t\t<\/div>\t\t<div class=\"elementor-element elementor-element-f03165a elementor-invisible elementor-widget elementor-widget-heading\" data-id=\"f03165a\" data-element_type=\"widget\" data-e-type=\"widget\" data-settings=\"{&quot;_animation&quot;:&quot;fadeInDown&quot;}\" data-widget_type=\"heading.default\">\n\t\t\t\t<div class=\"elementor-widget-container\">\n\t\t\t\t\t<h1 class=\"elementor-heading-title elementor-size-default\">Perguntas Frequentes<\/h1>\t\t\t\t<\/div>\n\t\t\t\t<\/div>\n\t\t\t\t<div class=\"elementor-element elementor-element-42e48bc elementor-widget elementor-widget-toggle\" data-id=\"42e48bc\" data-element_type=\"widget\" data-e-type=\"widget\" data-widget_type=\"toggle.default\">\n\t\t\t\t<div class=\"elementor-widget-container\">\n\t\t\t\t\t\t\t<div class=\"elementor-toggle\">\n\t\t\t\t\t\t\t<div class=\"elementor-toggle-item\">\n\t\t\t\t\t<div id=\"elementor-tab-title-7011\" class=\"elementor-tab-title\" data-tab=\"1\" role=\"button\" aria-controls=\"elementor-tab-content-7011\" aria-expanded=\"false\">\n\t\t\t\t\t\t\t\t\t\t\t\t<span class=\"elementor-toggle-icon elementor-toggle-icon-left\" aria-hidden=\"true\">\n\t\t\t\t\t\t\t\t\t\t\t\t\t\t\t<span class=\"elementor-toggle-icon-closed\"><svg class=\"e-font-icon-svg e-fas-caret-right\" viewBox=\"0 0 192 512\" xmlns=\"http:\/\/www.w3.org\/2000\/svg\"><path d=\"M0 384.662V127.338c0-17.818 21.543-26.741 34.142-14.142l128.662 128.662c7.81 7.81 7.81 20.474 0 28.284L34.142 398.804C21.543 411.404 0 402.48 0 384.662z\"><\/path><\/svg><\/span>\n\t\t\t\t\t\t\t\t<span class=\"elementor-toggle-icon-opened\"><svg class=\"elementor-toggle-icon-opened e-font-icon-svg e-fas-caret-up\" viewBox=\"0 0 320 512\" xmlns=\"http:\/\/www.w3.org\/2000\/svg\"><path d=\"M288.662 352H31.338c-17.818 0-26.741-21.543-14.142-34.142l128.662-128.662c7.81-7.81 20.474-7.81 28.284 0l128.662 128.662c12.6 12.599 3.676 34.142-14.142 34.142z\"><\/path><\/svg><\/span>\n\t\t\t\t\t\t\t\t\t\t\t\t\t<\/span>\n\t\t\t\t\t\t\t\t\t\t\t\t<a class=\"elementor-toggle-title\" tabindex=\"0\">Quando s\u00e3o os Equinox Awards?<\/a>\n\t\t\t\t\t<\/div>\n\n\t\t\t\t\t<div id=\"elementor-tab-content-7011\" class=\"elementor-tab-content elementor-clearfix\" data-tab=\"1\" role=\"region\" aria-labelledby=\"elementor-tab-title-7011\"><p>Os resultados dos vencedores do Equinox LATAM Game Awards ser\u00e3o revelados online, em nosso site www.equinoxawards.com, na sexta-feira, 28 de novembro.<\/p>\n<\/div>\n\t\t\t\t<\/div>\n\t\t\t\t\t\t\t<div class=\"elementor-toggle-item\">\n\t\t\t\t\t<div id=\"elementor-tab-title-7012\" class=\"elementor-tab-title\" data-tab=\"2\" role=\"button\" aria-controls=\"elementor-tab-content-7012\" aria-expanded=\"false\">\n\t\t\t\t\t\t\t\t\t\t\t\t<span class=\"elementor-toggle-icon elementor-toggle-icon-left\" aria-hidden=\"true\">\n\t\t\t\t\t\t\t\t\t\t\t\t\t\t\t<span class=\"elementor-toggle-icon-closed\"><svg class=\"e-font-icon-svg e-fas-caret-right\" viewBox=\"0 0 192 512\" xmlns=\"http:\/\/www.w3.org\/2000\/svg\"><path d=\"M0 384.662V127.338c0-17.818 21.543-26.741 34.142-14.142l128.662 128.662c7.81 7.81 7.81 20.474 0 28.284L34.142 398.804C21.543 411.404 0 402.48 0 384.662z\"><\/path><\/svg><\/span>\n\t\t\t\t\t\t\t\t<span class=\"elementor-toggle-icon-opened\"><svg class=\"elementor-toggle-icon-opened e-font-icon-svg e-fas-caret-up\" viewBox=\"0 0 320 512\" xmlns=\"http:\/\/www.w3.org\/2000\/svg\"><path d=\"M288.662 352H31.338c-17.818 0-26.741-21.543-14.142-34.142l128.662-128.662c7.81-7.81 20.474-7.81 28.284 0l128.662 128.662c12.6 12.599 3.676 34.142-14.142 34.142z\"><\/path><\/svg><\/span>\n\t\t\t\t\t\t\t\t\t\t\t\t\t<\/span>\n\t\t\t\t\t\t\t\t\t\t\t\t<a class=\"elementor-toggle-title\" tabindex=\"0\">Como s\u00e3o selecionados os indicados?<\/a>\n\t\t\t\t\t<\/div>\n\n\t\t\t\t\t<div id=\"elementor-tab-content-7012\" class=\"elementor-tab-content elementor-clearfix\" data-tab=\"2\" role=\"region\" aria-labelledby=\"elementor-tab-title-7012\"><p>Levamos em considera\u00e7\u00e3o t\u00edtulos que superam as expectativas, representando a m\u00e1xima express\u00e3o de excel\u00eancia em sua categoria e que sejam bem recebidos pela comunidade gamer da Am\u00e9rica Latina. O segundo fator \u00e9 que tenham sido lan\u00e7ados na regi\u00e3o da Am\u00e9rica Latina desde 1\u00ba de janeiro de 2025 at\u00e9 12 de novembro de 2025.<\/p>\n<\/div>\n\t\t\t\t<\/div>\n\t\t\t\t\t\t\t<div class=\"elementor-toggle-item\">\n\t\t\t\t\t<div id=\"elementor-tab-title-7013\" class=\"elementor-tab-title\" data-tab=\"3\" role=\"button\" aria-controls=\"elementor-tab-content-7013\" aria-expanded=\"false\">\n\t\t\t\t\t\t\t\t\t\t\t\t<span class=\"elementor-toggle-icon elementor-toggle-icon-left\" aria-hidden=\"true\">\n\t\t\t\t\t\t\t\t\t\t\t\t\t\t\t<span class=\"elementor-toggle-icon-closed\"><svg class=\"e-font-icon-svg e-fas-caret-right\" viewBox=\"0 0 192 512\" xmlns=\"http:\/\/www.w3.org\/2000\/svg\"><path d=\"M0 384.662V127.338c0-17.818 21.543-26.741 34.142-14.142l128.662 128.662c7.81 7.81 7.81 20.474 0 28.284L34.142 398.804C21.543 411.404 0 402.48 0 384.662z\"><\/path><\/svg><\/span>\n\t\t\t\t\t\t\t\t<span class=\"elementor-toggle-icon-opened\"><svg class=\"elementor-toggle-icon-opened e-font-icon-svg e-fas-caret-up\" viewBox=\"0 0 320 512\" xmlns=\"http:\/\/www.w3.org\/2000\/svg\"><path d=\"M288.662 352H31.338c-17.818 0-26.741-21.543-14.142-34.142l128.662-128.662c7.81-7.81 20.474-7.81 28.284 0l128.662 128.662c12.6 12.599 3.676 34.142-14.142 34.142z\"><\/path><\/svg><\/span>\n\t\t\t\t\t\t\t\t\t\t\t\t\t<\/span>\n\t\t\t\t\t\t\t\t\t\t\t\t<a class=\"elementor-toggle-title\" tabindex=\"0\">Como s\u00e3o selecionados os vencedores?<\/a>\n\t\t\t\t\t<\/div>\n\n\t\t\t\t\t<div id=\"elementor-tab-content-7013\" class=\"elementor-tab-content elementor-clearfix\" data-tab=\"3\" role=\"region\" aria-labelledby=\"elementor-tab-title-7013\"><p class=\"p1\">Os vencedores s\u00e3o determinados por meio de vota\u00e7\u00e3o combinada entre o J\u00fari Equinox, composto pelos meios especializados de videogames mais renomados da regi\u00e3o, e a comunidade gamer que votou antes do fechamento das vota\u00e7\u00f5es em www.equinoxawards.com. O voto total do p\u00fablico \u00e9 equivalente a um voto de nosso j\u00fari.<\/p>\n<\/div>\n\t\t\t\t<\/div>\n\t\t\t\t\t\t\t<div class=\"elementor-toggle-item\">\n\t\t\t\t\t<div id=\"elementor-tab-title-7014\" class=\"elementor-tab-title\" data-tab=\"4\" role=\"button\" aria-controls=\"elementor-tab-content-7014\" aria-expanded=\"false\">\n\t\t\t\t\t\t\t\t\t\t\t\t<span class=\"elementor-toggle-icon elementor-toggle-icon-left\" aria-hidden=\"true\">\n\t\t\t\t\t\t\t\t\t\t\t\t\t\t\t<span class=\"elementor-toggle-icon-closed\"><svg class=\"e-font-icon-svg e-fas-caret-right\" viewBox=\"0 0 192 512\" xmlns=\"http:\/\/www.w3.org\/2000\/svg\"><path d=\"M0 384.662V127.338c0-17.818 21.543-26.741 34.142-14.142l128.662 128.662c7.81 7.81 7.81 20.474 0 28.284L34.142 398.804C21.543 411.404 0 402.48 0 384.662z\"><\/path><\/svg><\/span>\n\t\t\t\t\t\t\t\t<span class=\"elementor-toggle-icon-opened\"><svg class=\"elementor-toggle-icon-opened e-font-icon-svg e-fas-caret-up\" viewBox=\"0 0 320 512\" xmlns=\"http:\/\/www.w3.org\/2000\/svg\"><path d=\"M288.662 352H31.338c-17.818 0-26.741-21.543-14.142-34.142l128.662-128.662c7.81-7.81 20.474-7.81 28.284 0l128.662 128.662c12.6 12.599 3.676 34.142-14.142 34.142z\"><\/path><\/svg><\/span>\n\t\t\t\t\t\t\t\t\t\t\t\t\t<\/span>\n\t\t\t\t\t\t\t\t\t\t\t\t<a class=\"elementor-toggle-title\" tabindex=\"0\">Muitos jogos s\u00e3o experi\u00eancias cont\u00ednuas que est\u00e3o em constante crescimento, adicionando novos conte\u00fados, intera\u00e7\u00f5es e melhorias.<\/a>\n\t\t\t\t\t<\/div>\n\n\t\t\t\t\t<div id=\"elementor-tab-content-7014\" class=\"elementor-tab-content elementor-clearfix\" data-tab=\"4\" role=\"region\" aria-labelledby=\"elementor-tab-title-7014\"><p class=\"p1\">Muitos jogos s\u00e3o experi\u00eancias cont\u00ednuas que est\u00e3o em constante crescimento, adicionando novos conte\u00fados, intera\u00e7\u00f5es e melhorias. Jogos desse tipo, lan\u00e7ados em anos anteriores, s\u00e3o eleg\u00edveis em todas as categorias de \u201cMelhor Jogo em Andamento\u201d, uma vez que o j\u00fari tenha analisado seus m\u00e9ritos e considere que sua inclus\u00e3o \u00e9 merecida para ser indicado no Equinox LATAM Game Awards.<\/p>\n<\/div>\n\t\t\t\t<\/div>\n\t\t\t\t\t\t\t\t\t\t<script type=\"application\/ld+json\">{\"@context\":\"https:\\\/\\\/schema.org\",\"@type\":\"FAQPage\",\"mainEntity\":[{\"@type\":\"Question\",\"name\":\"Quando s\\u00e3o os Equinox Awards?\",\"acceptedAnswer\":{\"@type\":\"Answer\",\"text\":\"<p>Os resultados dos vencedores do Equinox LATAM Game Awards ser\\u00e3o revelados online, em nosso site www.equinoxawards.com, na sexta-feira, 28 de novembro.<\\\/p>\\n\"}},{\"@type\":\"Question\",\"name\":\"Como s\\u00e3o selecionados os indicados?\",\"acceptedAnswer\":{\"@type\":\"Answer\",\"text\":\"<p>Levamos em considera\\u00e7\\u00e3o t\\u00edtulos que superam as expectativas, representando a m\\u00e1xima express\\u00e3o de excel\\u00eancia em sua categoria e que sejam bem recebidos pela comunidade gamer da Am\\u00e9rica Latina. O segundo fator \\u00e9 que tenham sido lan\\u00e7ados na regi\\u00e3o da Am\\u00e9rica Latina desde 1\\u00ba de janeiro de 2025 at\\u00e9 12 de novembro de 2025.<\\\/p>\\n\"}},{\"@type\":\"Question\",\"name\":\"Como s\\u00e3o selecionados os vencedores?\",\"acceptedAnswer\":{\"@type\":\"Answer\",\"text\":\"<p class=\\\"p1\\\">Os vencedores s\\u00e3o determinados por meio de vota\\u00e7\\u00e3o combinada entre o J\\u00fari Equinox, composto pelos meios especializados de videogames mais renomados da regi\\u00e3o, e a comunidade gamer que votou antes do fechamento das vota\\u00e7\\u00f5es em www.equinoxawards.com. O voto total do p\\u00fablico \\u00e9 equivalente a um voto de nosso j\\u00fari.<\\\/p>\\n\"}},{\"@type\":\"Question\",\"name\":\"Muitos jogos s\\u00e3o experi\\u00eancias cont\\u00ednuas que est\\u00e3o em constante crescimento, adicionando novos conte\\u00fados, intera\\u00e7\\u00f5es e melhorias.\",\"acceptedAnswer\":{\"@type\":\"Answer\",\"text\":\"<p class=\\\"p1\\\">Muitos jogos s\\u00e3o experi\\u00eancias cont\\u00ednuas que est\\u00e3o em constante crescimento, adicionando novos conte\\u00fados, intera\\u00e7\\u00f5es e melhorias. Jogos desse tipo, lan\\u00e7ados em anos anteriores, s\\u00e3o eleg\\u00edveis em todas as categorias de \\u201cMelhor Jogo em Andamento\\u201d, uma vez que o j\\u00fari tenha analisado seus m\\u00e9ritos e considere que sua inclus\\u00e3o \\u00e9 merecida para ser indicado no Equinox LATAM Game Awards.<\\\/p>\\n\"}}]}<\/script>\n\t\t\t\t\t<\/div>\n\t\t\t\t\t\t<\/div>\n\t\t\t\t<\/div>\n\t\t\t\t\t<\/div>\n\t\t\t\t<\/div>\n\t\t\t\t<\/div>\n\t\t","protected":false},"excerpt":{"rendered":"<p>Quando s\u00e3o os Equinox Awards? Os resultados dos vencedores do Equinox LATAM Game Awards ser\u00e3o revelados online, em nosso site www.equinoxawards.com, na sexta-feira, 28 de novembro. Como s\u00e3o selecionados os indicados? Levamos em considera\u00e7\u00e3o t\u00edtulos que superam as expectativas, representando a m\u00e1xima express\u00e3o de excel\u00eancia em sua categoria e que sejam bem recebidos pela comunidade [&hellip;]<\/p>\n","protected":false},"author":1,"featured_media":0,"parent":0,"menu_order":0,"comment_status":"closed","ping_status":"closed","template":"","meta":{"footnotes":""},"class_list":["post-2363","page","type-page","status-publish","hentry"],"_links":{"self":[{"href":"https:\/\/equinoxawards.com\/pt-br\/wp-json\/wp\/v2\/pages\/2363","targetHints":{"allow":["GET"]}}],"collection":[{"href":"https:\/\/equinoxawards.com\/pt-br\/wp-json\/wp\/v2\/pages"}],"about":[{"href":"https:\/\/equinoxawards.com\/pt-br\/wp-json\/wp\/v2\/types\/page"}],"author":[{"embeddable":true,"href":"https:\/\/equinoxawards.com\/pt-br\/wp-json\/wp\/v2\/users\/1"}],"replies":[{"embeddable":true,"href":"https:\/\/equinoxawards.com\/pt-br\/wp-json\/wp\/v2\/comments?post=2363"}],"version-history":[{"count":2,"href":"https:\/\/equinoxawards.com\/pt-br\/wp-json\/wp\/v2\/pages\/2363\/revisions"}],"predecessor-version":[{"id":4065,"href":"https:\/\/equinoxawards.com\/pt-br\/wp-json\/wp\/v2\/pages\/2363\/revisions\/4065"}],"wp:attachment":[{"href":"https:\/\/equinoxawards.com\/pt-br\/wp-json\/wp\/v2\/media?parent=2363"}],"curies":[{"name":"wp","href":"https:\/\/api.w.org\/{rel}","templated":true}]}}